{"id":5126,"date":"2022-05-17T17:12:36","date_gmt":"2022-05-17T15:12:36","guid":{"rendered":"http:\/\/www.alaskan-malamute.sk\/contact\/"},"modified":"2022-06-02T16:39:47","modified_gmt":"2022-06-02T14:39:47","slug":"contact","status":"publish","type":"page","link":"https:\/\/www.alaskan-malamute.sk\/en\/contact\/","title":{"rendered":"Contact"},"content":{"rendered":"\t\t<div data-elementor-type=\"wp-page\" data-elementor-id=\"5126\" class=\"elementor elementor-5126 elementor-2260\" data-elementor-post-type=\"page\">\n\t\t\t\t<div class=\"elementor-element elementor-element-29568356 e-flex e-con-boxed e-con e-parent\" data-id=\"29568356\" data-element_type=\"container\">\n\t\t\t\t\t<div class=\"e-con-inner\">\n\t\t<div class=\"elementor-element elementor-element-34e2c345 e-con-full e-flex e-con e-child\" data-id=\"34e2c345\" data-element_type=\"container\" data-settings=\"{&quot;background_background&quot;:&quot;classic&quot;}\">\n\t\t\t\t<div class=\"elementor-element elementor-element-74980f3 elementor-widget elementor-widget-image\" data-id=\"74980f3\" data-element_type=\"widget\" data-widget_type=\"image.default\">\n\t\t\t\t<div class=\"elementor-widget-container\">\n\t\t\t\t\t\t\t\t\t\t\t\t<figure class=\"wp-caption\">\n\t\t\t\t\t\t\t\t\t\t<img fetchpriority=\"high\" decoding=\"async\" width=\"557\" height=\"840\" src=\"https:\/\/www.alaskan-malamute.sk\/wp-content\/uploads\/2022\/05\/Daphne-Polarni-usvit.jpg\" class=\"elementor-animation-grow attachment-large size-large wp-image-3833\" alt=\"\" srcset=\"https:\/\/www.alaskan-malamute.sk\/wp-content\/uploads\/2022\/05\/Daphne-Polarni-usvit.jpg 557w, https:\/\/www.alaskan-malamute.sk\/wp-content\/uploads\/2022\/05\/Daphne-Polarni-usvit-199x300.jpg 199w\" sizes=\"(max-width: 557px) 100vw, 557px\" \/>\t\t\t\t\t\t\t\t\t\t\t<figcaption class=\"widget-image-caption wp-caption-text\">Jana<\/figcaption>\n\t\t\t\t\t\t\t\t\t\t<\/figure>\n\t\t\t\t\t\t\t\t\t<\/div>\n\t\t\t\t<\/div>\n\t\t\t\t<\/div>\n\t\t<div class=\"elementor-element elementor-element-4ab92501 e-con-full e-flex e-con e-child\" data-id=\"4ab92501\" data-element_type=\"container\" data-settings=\"{&quot;background_background&quot;:&quot;classic&quot;}\">\n\t\t\t\t<div class=\"elementor-element elementor-element-4fdb0939 elementor-widget elementor-widget-image\" data-id=\"4fdb0939\" data-element_type=\"widget\" data-widget_type=\"image.default\">\n\t\t\t\t<div class=\"elementor-widget-container\">\n\t\t\t\t\t\t\t\t\t\t\t\t<figure class=\"wp-caption\">\n\t\t\t\t\t\t\t\t\t\t<img decoding=\"async\" width=\"960\" height=\"636\" src=\"https:\/\/www.alaskan-malamute.sk\/wp-content\/uploads\/2022\/05\/O-nas3.jpg\" class=\"elementor-animation-grow attachment-large size-large wp-image-5081\" alt=\"\" srcset=\"https:\/\/www.alaskan-malamute.sk\/wp-content\/uploads\/2022\/05\/O-nas3.jpg 960w, https:\/\/www.alaskan-malamute.sk\/wp-content\/uploads\/2022\/05\/O-nas3-300x199.jpg 300w, https:\/\/www.alaskan-malamute.sk\/wp-content\/uploads\/2022\/05\/O-nas3-768x509.jpg 768w\" sizes=\"(max-width: 960px) 100vw, 960px\" \/>\t\t\t\t\t\t\t\t\t\t\t<figcaption class=\"widget-image-caption wp-caption-text\">Our family<\/figcaption>\n\t\t\t\t\t\t\t\t\t\t<\/figure>\n\t\t\t\t\t\t\t\t\t<\/div>\n\t\t\t\t<\/div>\n\t\t\t\t<\/div>\n\t\t<div class=\"elementor-element elementor-element-4379ef98 e-con-full e-flex e-con e-child\" data-id=\"4379ef98\" data-element_type=\"container\">\n\t\t\t\t<div class=\"elementor-element elementor-element-6791cf8b elementor-widget elementor-widget-image\" data-id=\"6791cf8b\" data-element_type=\"widget\" data-widget_type=\"image.default\">\n\t\t\t\t<div class=\"elementor-widget-container\">\n\t\t\t\t\t\t\t\t\t\t\t\t<figure class=\"wp-caption\">\n\t\t\t\t\t\t\t\t\t\t<img decoding=\"async\" width=\"560\" height=\"746\" src=\"https:\/\/www.alaskan-malamute.sk\/wp-content\/uploads\/2022\/05\/otec-BEAR-PAK-BLACKFOOT-BRUNO5.jpg\" class=\"elementor-animation-grow attachment-full size-full wp-image-3498\" alt=\"Bear Pak Blackfoot &quot;Bruno&quot;\" srcset=\"https:\/\/www.alaskan-malamute.sk\/wp-content\/uploads\/2022\/05\/otec-BEAR-PAK-BLACKFOOT-BRUNO5.jpg 560w, https:\/\/www.alaskan-malamute.sk\/wp-content\/uploads\/2022\/05\/otec-BEAR-PAK-BLACKFOOT-BRUNO5-225x300.jpg 225w\" sizes=\"(max-width: 560px) 100vw, 560px\" \/>\t\t\t\t\t\t\t\t\t\t\t<figcaption class=\"widget-image-caption wp-caption-text\">Ulli <\/figcaption>\n\t\t\t\t\t\t\t\t\t\t<\/figure>\n\t\t\t\t\t\t\t\t\t<\/div>\n\t\t\t\t<\/div>\n\t\t\t\t<\/div>\n\t\t\t\t\t<\/div>\n\t\t\t\t<\/div>\n\t\t<div class=\"elementor-element elementor-element-5757335 e-flex e-con-boxed e-con e-parent\" data-id=\"5757335\" data-element_type=\"container\">\n\t\t\t\t\t<div class=\"e-con-inner\">\n\t\t<div class=\"elementor-element elementor-element-d1a21df e-con-full e-flex e-con e-child\" data-id=\"d1a21df\" data-element_type=\"container\">\n\t\t<div class=\"elementor-element elementor-element-55adf9d4 e-con-full e-flex e-con e-child\" data-id=\"55adf9d4\" data-element_type=\"container\">\n\t\t<div class=\"elementor-element elementor-element-7ab3f43e e-con-full e-flex e-con e-child\" data-id=\"7ab3f43e\" data-element_type=\"container\">\n\t\t\t\t<div class=\"elementor-element elementor-element-e5da6aa elementor-widget elementor-widget-heading\" data-id=\"e5da6aa\" data-element_type=\"widget\" data-widget_type=\"heading.default\">\n\t\t\t\t<div class=\"elementor-widget-container\">\n\t\t\t\t\t<h3 class=\"elementor-heading-title elementor-size-default\">Jana, Leonie &amp; Ulli Engel<br> 96 982 Podhorie \u010d.74<br> region Bansk\u00e1 \u0160tiavnica<\/h3>\t\t\t\t<\/div>\n\t\t\t\t<\/div>\n\t\t\t\t<div class=\"elementor-element elementor-element-7f2edf68 elementor-position-top elementor-view-default elementor-mobile-position-top elementor-widget elementor-widget-icon-box\" data-id=\"7f2edf68\" data-element_type=\"widget\" data-widget_type=\"icon-box.default\">\n\t\t\t\t<div class=\"elementor-widget-container\">\n\t\t\t\t\t\t\t<div class=\"elementor-icon-box-wrapper\">\n\n\t\t\t\t\t\t<div class=\"elementor-icon-box-icon\">\n\t\t\t\t<span  class=\"elementor-icon\">\n\t\t\t\t<i aria-hidden=\"true\" class=\"fas fa-phone-square\"><\/i>\t\t\t\t<\/span>\n\t\t\t<\/div>\n\t\t\t\n\t\t\t\t\t\t<div class=\"elementor-icon-box-content\">\n\n\t\t\t\t\t\t\t\t\t<h3 class=\"elementor-icon-box-title\">\n\t\t\t\t\t\t<span  >\n\t\t\t\t\t\t\tCell: +421 \/0\/ 917 430 199\t\t\t\t\t\t<\/span>\n\t\t\t\t\t<\/h3>\n\t\t\t\t\n\t\t\t\t\n\t\t\t<\/div>\n\t\t\t\n\t\t<\/div>\n\t\t\t\t\t\t<\/div>\n\t\t\t\t<\/div>\n\t\t\t\t<div class=\"elementor-element elementor-element-cc70628 elementor-position-top elementor-view-default elementor-mobile-position-top elementor-widget elementor-widget-icon-box\" data-id=\"cc70628\" data-element_type=\"widget\" data-widget_type=\"icon-box.default\">\n\t\t\t\t<div class=\"elementor-widget-container\">\n\t\t\t\t\t\t\t<div class=\"elementor-icon-box-wrapper\">\n\n\t\t\t\t\t\t<div class=\"elementor-icon-box-icon\">\n\t\t\t\t<span  class=\"elementor-icon\">\n\t\t\t\t<i aria-hidden=\"true\" class=\"fas fa-envelope\"><\/i>\t\t\t\t<\/span>\n\t\t\t<\/div>\n\t\t\t\n\t\t\t\n\t\t<\/div>\n\t\t\t\t\t\t<\/div>\n\t\t\t\t<\/div>\n\t\t\t\t<div class=\"elementor-element elementor-element-4fbdbc5 elementor-widget elementor-widget-text-editor\" data-id=\"4fbdbc5\" data-element_type=\"widget\" data-widget_type=\"text-editor.default\">\n\t\t\t\t<div class=\"elementor-widget-container\">\n\t\t\t\t\t\t\t\t\t<p><a href=\"mailto:info@alaskan-malamute.sk\">Send us an email<\/a><\/p>\t\t\t\t\t\t\t\t<\/div>\n\t\t\t\t<\/div>\n\t\t\t\t<\/div>\n\t\t\t\t<\/div>\n\t\t\t\t<\/div>\n\t\t\t\t\t<\/div>\n\t\t\t\t<\/div>\n\t\t\t\t<\/div>\n\t\t","protected":false},"excerpt":{"rendered":"<p>Jana Our family Ulli Jana, Leonie &amp; Ulli Engel 96 982 Podhorie \u010d.74 region Bansk\u00e1 \u0160tiavnica Cell: +421 \/0\/ 917 430 199 Send us an email<\/p>\n","protected":false},"author":2,"featured_media":0,"parent":0,"menu_order":0,"comment_status":"closed","ping_status":"closed","template":"","meta":{"footnotes":""},"class_list":["post-5126","page","type-page","status-publish","hentry"],"_links":{"self":[{"href":"https:\/\/www.alaskan-malamute.sk\/en\/wp-json\/wp\/v2\/pages\/5126","targetHints":{"allow":["GET"]}}],"collection":[{"href":"https:\/\/www.alaskan-malamute.sk\/en\/wp-json\/wp\/v2\/pages"}],"about":[{"href":"https:\/\/www.alaskan-malamute.sk\/en\/wp-json\/wp\/v2\/types\/page"}],"author":[{"embeddable":true,"href":"https:\/\/www.alaskan-malamute.sk\/en\/wp-json\/wp\/v2\/users\/2"}],"replies":[{"embeddable":true,"href":"https:\/\/www.alaskan-malamute.sk\/en\/wp-json\/wp\/v2\/comments?post=5126"}],"version-history":[{"count":0,"href":"https:\/\/www.alaskan-malamute.sk\/en\/wp-json\/wp\/v2\/pages\/5126\/revisions"}],"wp:attachment":[{"href":"https:\/\/www.alaskan-malamute.sk\/en\/wp-json\/wp\/v2\/media?parent=5126"}],"curies":[{"name":"wp","href":"https:\/\/api.w.org\/{rel}","templated":true}]}}