{"id":6177,"date":"2022-05-17T17:12:33","date_gmt":"2022-05-17T15:12:33","guid":{"rendered":"http:\/\/www.alaskan-malamute.sk\/podengo-portuguese\/standard-podengo-portuguese\/"},"modified":"2022-05-27T20:56:11","modified_gmt":"2022-05-27T18:56:11","slug":"standard-podengo-portuguese","status":"publish","type":"page","link":"https:\/\/www.alaskan-malamute.sk\/en\/standard-podengo-portuguese\/","title":{"rendered":"Standard Podengo portuguese"},"content":{"rendered":"\t\t<div data-elementor-type=\"wp-page\" data-elementor-id=\"6177\" class=\"elementor elementor-6177 elementor-2175\" data-elementor-post-type=\"page\">\n\t\t\t\t<div class=\"elementor-element elementor-element-7518ab9 e-flex e-con-boxed e-con e-parent\" data-id=\"7518ab9\" data-element_type=\"container\">\n\t\t\t\t\t<div class=\"e-con-inner\">\n\t\t\t\t<div class=\"elementor-element elementor-element-4d381d6 elementor-widget elementor-widget-text-editor\" data-id=\"4d381d6\" data-element_type=\"widget\" data-widget_type=\"text-editor.default\">\n\t\t\t\t<div class=\"elementor-widget-container\">\n\t\t\t\t\t\t\t\t\t<p>Poch\u00e1z\u00ed ze severu Portugalska, kde byl po stalet\u00ed pou\u017e\u00edv\u00e1n k lovu kr\u00e1l\u00edk\u016f, ale i v\u011bt\u0161\u00edch zv\u00ed\u0159at (velk\u00fd r\u00e1z). Pat\u0159\u00ed k v\u00fdvojov\u011b k nejstar\u0161\u00edm a nejprimitivn\u011bj\u0161\u00edm plemen\u016fm. Je bl\u00edzk\u00fdm p\u0159\u00edbuzn\u00fdm dal\u0161\u00edch podeng\u016f a tak\u00e9 faraonsk\u00e9ho a sicilsk\u00e9ho chrta. Dodnes se jedn\u00e1 o plemeno nepro\u0161lecht\u011bn\u00e9 a velmi variabiln\u00ed.<br><br><strong>Popis:<\/strong> Nep\u0159\u00edli\u0161 u\u0161lechtil\u00fd pes primitivn\u00edho typu, m\u00e1 prota\u017een\u00e9 proporce, d\u00e9lka t\u011bla u n\u011bj p\u0159esahuje kohoutkovou v\u00fd\u0161ku), dobr\u00e9 osvalen\u00ed, siln\u00e1 kostra.<br><strong>Hlava<\/strong> such\u00e1, ve tvaru \u010dty\u0159bok\u00e9ho jehlanu.<br><strong>Stop<\/strong> t\u00e9m\u011b\u0159 nen\u00ed patrn\u00fd.<br><strong>O\u010di<\/strong> s \u017eiv\u00fdm v\u00fdrazem, vystupuj\u00edc\u00ed z o\u010dn\u00edch d\u016flk\u016f, medov\u00e9 a\u017e o\u0159\u00ed\u0161kov\u00e9.<br><strong>U\u0161i<\/strong> tenk\u00e9 nasazen\u00e9 st\u0159edn\u011b vysoko a \u0161ikmo, nesen\u00e9 vzty\u010den\u011b, velmi pohybliv\u00e9, troj\u00faheln\u00edkov\u00e9ho tvaru.<br><strong>Krk<\/strong> siln\u00fd, svalnat\u00fd, bez laloku.<br><strong>H\u0159bet<\/strong> rovn\u00fd nebo m\u00edrn\u011b vyklenut\u00fd, z\u00e1\u010f rovn\u00e1 nebo m\u00edrn\u011b sp\u00e1dit\u00e1.<br><strong>B\u0159icho<\/strong> such\u00e9, m\u00edrn\u011b vta\u017een\u00e9.<br><strong>Ocas<\/strong> vysoko nasazen\u00fd, v klidu sv\u011b\u0161en\u00fd, v pohybu nesen\u00fd horizont\u00e1ln\u011b nebo m\u00edrn\u011b zato\u010den\u00fd vzh\u016fru.<br><strong>Pohyb<\/strong> rychl\u00fd a lehkonoh\u00fd. <br><strong>Srst<\/strong> kr\u00e1tk\u00e1 hladk\u00e1.<br><strong>Zbarven\u00ed<\/strong> \u017elut\u00e9, b\u00e9\u017eov\u00e9, \u010dern\u00e9 (vybledl\u00e9), p\u0159\u00edpadn\u011b b\u00edl\u00e9 znaky, nebo b\u00edl\u00e1 jako z\u00e1kladn\u00ed barva se znaky ve v\u00fd\u0161e uveden\u00fdch barv\u00e1ch.<br><br><strong>Charakteristika:<\/strong> \u017div\u00fd, chytr\u00fd, sebev\u011bdom\u00fd a samostatn\u00fd pes, jen m\u00e1lo v\u00e1zan\u00fd na p\u00e1na. Nen\u00e1ro\u010dn\u00fd a odoln\u00fd, doma klidn\u00fd. S v\u00fdrazn\u011b vyvinut\u00fdmi loveck\u00fdmi pudy.<br><br><strong>Zvl\u00e1\u0161tn\u00ed n\u00e1roky:<\/strong> Loveckou n\u00e1ru\u017eivost b\u00fdv\u00e1 obt\u00ed\u017en\u00e9 dostat pod kontrolu. Pokud psa nehodl\u00e1me lovecky vyu\u017e\u00edvat (co\u017e by bylo v na\u0161ich podm\u00ednk\u00e1ch st\u011b\u017e\u00ed mo\u017en\u00e9), m\u016f\u017eeme mu poskytnout vy\u017eit\u00ed v n\u011bkter\u00e9m z odpov\u00eddaj\u00edc\u00edch ps\u00edch sport\u016f.<br><br><strong>U\u017eit\u00ed:<\/strong> Dobr\u00fd hl\u00edda\u010d. Mal\u00fd r\u00e1z byl ur\u010den pro vyh\u00e1n\u011bn\u00ed kr\u00e1l\u00edk\u016f, ale i tzv. \u0161kodn\u00e9, z nor, pracoval tedy jako norn\u00edk. V\u00fdjime\u010dn\u011b b\u00fdv\u00e1 dr\u017een i jako pes spole\u010densk\u00fd.<br><br><strong>V\u00fdskyt:<\/strong> Mal\u00fd r\u00e1z, kter\u00fd je chov\u00e1n relativn\u011b nej\u010dast\u011bji, u\u017e byl dovezen i k n\u00e1m.<br><br><strong>Mo\u017en\u00e1 z\u00e1m\u011bna:<\/strong> Mal\u00fd nejsp\u00ed\u0161e s k\u0159\u00ed\u017eencem neur\u010dit\u00e9ho typu, mo\u017en\u00e1 tak\u00e9 se statn\u011bj\u0161\u00ed \u010divavou.<br><br><strong>V\u00e1ha: <\/strong>pes i fena: 4-5 kg, 20-30 cm.<\/p>\t\t\t\t\t\t\t\t<\/div>\n\t\t\t\t<\/div>\n\t\t\t\t\t<\/div>\n\t\t\t\t<\/div>\n\t\t\t\t<\/div>\n\t\t","protected":false},"excerpt":{"rendered":"<p>Poch\u00e1z\u00ed ze severu Portugalska, kde byl po stalet\u00ed pou\u017e\u00edv\u00e1n k lovu kr\u00e1l\u00edk\u016f, ale i v\u011bt\u0161\u00edch zv\u00ed\u0159at (velk\u00fd r\u00e1z). Pat\u0159\u00ed k v\u00fdvojov\u011b k nejstar\u0161\u00edm a nejprimitivn\u011bj\u0161\u00edm plemen\u016fm. Je bl\u00edzk\u00fdm p\u0159\u00edbuzn\u00fdm dal\u0161\u00edch podeng\u016f a tak\u00e9 faraonsk\u00e9ho a sicilsk\u00e9ho chrta. Dodnes se jedn\u00e1 o plemeno nepro\u0161lecht\u011bn\u00e9 a velmi variabiln\u00ed. Popis: Nep\u0159\u00edli\u0161 u\u0161lechtil\u00fd pes primitivn\u00edho typu, m\u00e1 prota\u017een\u00e9 proporce, [&hellip;]<\/p>\n","protected":false},"author":2,"featured_media":0,"parent":0,"menu_order":0,"comment_status":"closed","ping_status":"closed","template":"","meta":{"footnotes":""},"class_list":["post-6177","page","type-page","status-publish","hentry"],"_links":{"self":[{"href":"https:\/\/www.alaskan-malamute.sk\/en\/wp-json\/wp\/v2\/pages\/6177","targetHints":{"allow":["GET"]}}],"collection":[{"href":"https:\/\/www.alaskan-malamute.sk\/en\/wp-json\/wp\/v2\/pages"}],"about":[{"href":"https:\/\/www.alaskan-malamute.sk\/en\/wp-json\/wp\/v2\/types\/page"}],"author":[{"embeddable":true,"href":"https:\/\/www.alaskan-malamute.sk\/en\/wp-json\/wp\/v2\/users\/2"}],"replies":[{"embeddable":true,"href":"https:\/\/www.alaskan-malamute.sk\/en\/wp-json\/wp\/v2\/comments?post=6177"}],"version-history":[{"count":0,"href":"https:\/\/www.alaskan-malamute.sk\/en\/wp-json\/wp\/v2\/pages\/6177\/revisions"}],"wp:attachment":[{"href":"https:\/\/www.alaskan-malamute.sk\/en\/wp-json\/wp\/v2\/media?parent=6177"}],"curies":[{"name":"wp","href":"https:\/\/api.w.org\/{rel}","templated":true}]}}