{"id":7419,"date":"2022-05-17T17:12:33","date_gmt":"2022-05-17T15:12:33","guid":{"rendered":"https:\/\/www.alaskan-malamute.sk\/standard-siberian-husky-2\/"},"modified":"2022-05-29T15:00:23","modified_gmt":"2022-05-29T13:00:23","slug":"standard-siberian-husky","status":"publish","type":"page","link":"https:\/\/www.alaskan-malamute.sk\/en\/standard-siberian-husky\/","title":{"rendered":"Standard Siberian husky"},"content":{"rendered":"\t\t<div data-elementor-type=\"wp-page\" data-elementor-id=\"7419\" class=\"elementor elementor-7419 elementor-2171\" data-elementor-post-type=\"page\">\n\t\t\t\t<div class=\"elementor-element elementor-element-6bccc35 e-flex e-con-boxed e-con e-parent\" data-id=\"6bccc35\" data-element_type=\"container\">\n\t\t\t\t\t<div class=\"e-con-inner\">\n\t\t\t\t\t<\/div>\n\t\t\t\t<\/div>\n\t\t<div class=\"elementor-element elementor-element-7e9b8ad0 e-flex e-con-boxed e-con e-parent\" data-id=\"7e9b8ad0\" data-element_type=\"container\">\n\t\t\t\t\t<div class=\"e-con-inner\">\n\t\t\t\t<div class=\"elementor-element elementor-element-7800f058 elementor-widget elementor-widget-text-editor\" data-id=\"7800f058\" data-element_type=\"widget\" data-widget_type=\"text-editor.default\">\n\t\t\t\t<div class=\"elementor-widget-container\">\n\t\t\t\t\t\t\t\t\t<p>FCI-Standard N\u00b0 270 01.12.2021 \/ EN<\/p><p><strong>Origin:<\/strong>USA<br><strong>Pou\u017eitie:<\/strong> sa\u0148ov\u00fd pes<br><strong>Klasifik\u00e1cia:<\/strong> 5. skupina \u2013 \u0161pice a p\u00f4vodn\u00e9 plemen\u00e1; 1. sekcia \u2013 seversk\u00e9 sa\u0148ov\u00e9 psy, bez sk\u00fa\u0161ky.<br><strong>D\u00e1tum publikovania platn\u00e9ho \u0161tandardu:<\/strong> 2. 2. 1995<br><br><strong>Celkov\u00fd vzh\u013ead:<\/strong> sib\u00edrsky husky je stredne ve\u013ek\u00fd pracovn\u00fd pes, r\u00fdchly a \u013eahkonoh\u00fd, vo\u013en\u00fd a elegantn\u00fd v pohybe. Primerane kompaktn\u00e9, hustou srs\u0165ou pokryt\u00e9 telo, vzt\u00fd\u010den\u00e9 u\u0161i a hu\u0148at\u00fd chvost poukazuj\u00fa na jeho seversk\u00fd p\u00f4vod. M\u00e1 charakteristick\u00fd plynul\u00fd pohyb prebiehaj\u00faci bez n\u00e1mahy. Je mimoriadne schopn\u00fd plni\u0165 svoju p\u00f4vodn\u00fa \u00falohu psa ur\u010den\u00e9ho na \u0165ahanie san\u00ed a prepravu \u013eah\u0161\u00edch n\u00e1kladov na ve\u013ek\u00e9 vzdialenosti v primeranom tempe. Proporcie a tvar jeho tela odr\u00e1\u017eaj\u00fa od z\u00e1kladu vyv\u00e1\u017een\u00fd pomer sily, r\u00fdchlosti a vytrvalosti. Psy s\u00fa sam\u010die, ale nie hrub\u00e9, su\u010dky s\u00fa femin\u00ednne, bez slabosti v stavbe. Sib\u00edrsky husky v spr\u00e1vnej kond\u00edcii, s dobre vyvinut\u00fdm napnut\u00fdm svalstvom, nem\u00e1 nadv\u00e1hu.<br><br><strong>D\u00f4le\u017eit\u00e9 proporcie:<\/strong><br>\u2013 d\u013a\u017eka tela od ramenn\u00e9ho k\u013abu po bedrov\u00e9 hrbolce trocha presahuje v\u00fd\u0161ku v koh\u00fatiku,<br>\u2013 vzdialenos\u0165 od \u0148uch\u00e1\u010da po \u010delov\u00fd sklon je rovnak\u00e1 ako vzdialenos\u0165 od \u010delov\u00e9ho sklonu po v\u00fdbe\u017eok medzi temennej kosti.<br><br><strong>Temperament:<\/strong> pre husky je typick\u00e1 priate\u013esk\u00e1, mierna, ale pozorn\u00e1 a kontaktn\u00e1 povaha. Nem\u00e1 vlastn\u00edcke in\u0161tinkty str\u00e1\u017eneho psa, ani nie je ned\u00f4ver\u010div\u00fd k cudz\u00edm alebo agres\u00edvny vo\u010di in\u00fdm psom. Od dospel\u00e9ho psa mo\u017eno o\u010dak\u00e1va\u0165 ur\u010dit\u00fd stupe\u0148 zdr\u017eanlivosti a hrdosti. Jeho inteligencia, ovl\u00e1date\u013enos\u0165 a horlivos\u0165 robia z neho pr\u00edjemn\u00e9ho spolo\u010dn\u00edka a ochotn\u00e9ho pracovn\u00edka.<br><br><strong>HLAVA<\/strong><br><br><strong>Temeno<\/strong><br><br><strong>Lebka:<\/strong> stredne ve\u013ek\u00e1, primeran\u00e1 k telu, zhora mierne zaoblen\u00e1, od naj\u0161ir\u0161ieho miesta sa zu\u017euje k o\u010diam.<br><strong>\u010celov\u00fd sklon:<\/strong> dobre vyzna\u010den\u00fd.<br><br><strong>Tv\u00e1rov\u00e1 \u010das\u0165<\/strong><br><br><strong>\u0147uch\u00e1\u010d:<\/strong> siv\u00e9, trieslov\u00e9 a \u010dierne jedince maj\u00fa \u010dierny \u0148uch\u00e1\u010d, \u010disto biele jedince m\u00f4\u017eu ma\u0165 m\u00e4sovosfarben\u00fd \u0148uch\u00e1\u010d. Tzv. snehov\u00fd \u0148uch\u00e1\u010d s ru\u017eov\u00fdm pruhom sa m\u00e1 akceptova\u0165.<br><strong>Papu\u013ea:<\/strong> stredne dlh\u00e1, stredne \u0161irok\u00e1, postupne sa zu\u017euje k \u0148uch\u00e1\u010du, ale jej ukon\u010denie nie je \u0161picat\u00e9 alebo pr\u00edli\u0161 \u0161irok\u00e9, chrb\u00e1t nosa je rovn\u00fd od \u010delov\u00e9ho sklonu po \u0148uch\u00e1\u010d.<br><strong>Pysky:<\/strong> s\u00fa dobre pigmentovan\u00e9 a tesne priliehaj\u00fa.<br><strong>Zuby:<\/strong> no\u017enicov\u00fd zhryz.<br><strong>O\u010di:<\/strong> mand\u013eov\u00e9ho tvaru, primerane od seba umiestnen\u00e9 a trochu \u0161ikm\u00e9. M\u00f4\u017eu by\u0165 hned\u00e9 alebo modr\u00e9, akceptuj\u00fa sa aj viacfarebn\u00e9 o\u010di. Poh\u013ead prenikav\u00fd, ale priate\u013esk\u00fd, zvedav\u00fd a\u017e \u0161ibalsk\u00fd.<br><strong>U\u0161i:<\/strong> stredne ve\u013ek\u00e9, trojuholn\u00edkov\u00e9, nasaden\u00e9 bl\u00edzko seba a vysoko na lebke. S\u00fa hrub\u00e9, dobre osrsten\u00e9, zozadu mierne zaoblen\u00e9, vzt\u00fd\u010den\u00e9, s trochu zaoblen\u00fdmi, vzpriamen\u00fdmi \u0161pi\u010dkami.<br><strong>Krk:<\/strong> stredne dlh\u00fd, klenut\u00fd, v postoji hrdo vzt\u00fd\u010den\u00fd. V kluse je krk tak natiahnut\u00fd, \u017ee hlava je nesen\u00e1 trochu dopredu.<br><br><strong>TELO<\/strong><\/p><p><strong>Chrb\u00e1t:<\/strong> rovn\u00fd a mocn\u00fd, od lopatiek po kr\u00ed\u017ee je horn\u00e1 l\u00ednia rovn\u00e1. Je stredne dlh\u00fd, nem\u00e1 by\u0165 pr\u00edli\u0161 kr\u00e1tky ani povolen\u00fd pre pr\u00edli\u0161n\u00fa d\u013a\u017eku.<br><strong>Bedr\u00e1:<\/strong> pokryt\u00e9 such\u00fdm napnut\u00fdm svalstvom, s\u00fa u\u017e\u0161ie ako hrudn\u00edk a mierne klenut\u00e9.<br><strong>Kr\u00ed\u017ee:<\/strong> klesaj\u00fa, ale nikdy nie tak strmo, aby to ovplyvnilo vykra\u010dovanie zadn\u00fdch kon\u010dat\u00edn.<br><strong>Hrudn\u00edk:<\/strong> hlbok\u00fd a mohutn\u00fd, ale nie pr\u00edli\u0161 \u0161irok\u00fd, najhlb\u0161ie miesto le\u017e\u00ed tesne za lak\u0165ami, v tej istej v\u00fd\u0161ke. Rebr\u00e1 s\u00fa dobre klenut\u00e9 u\u017e od nasadenia do chrbtice, boky s\u00fa ploch\u00e9, aby sa umo\u017enil vo\u013en\u00fd priebeh pohybu.<br><strong>Chvost:<\/strong> dobre osrsten\u00fd, akoby l\u00ed\u0161\u010d\u00ed chvost je nasaden\u00fd tesne pod hornou l\u00edniou. Ke\u010f je pes v akcii, nesie chvost v elegantnom kos\u00e1kovitom obl\u00faku ponad chrb\u00e1t. Nem\u00e1 by\u0165 zrolovan\u00fd na jeden alebo druh\u00fd bok, ani nem\u00e1 by\u0165 polo\u017een\u00fd plocho na chrbte. Spusten\u00fd chvost je norm\u00e1lny, ke\u010f pes stoj\u00ed pokojne a uvo\u013enene. Osrstenie chvosta je stredne dlh\u00e9 a dookola pribli\u017ene rovnak\u00e9, chvost vyzer\u00e1 ako okr\u00fahla kefka.<br><br><strong>KON\u010cATINY<\/strong><br><br><strong>Predn\u00e9 kon\u010datiny<\/strong>: pri poh\u013eade spredu stoja kon\u010datiny primerane od seba, s\u00fa rovnobe\u017en\u00e9 a rovn\u00e9, lakte tesne priliehaj\u00fa, nie s\u00fa vto\u010den\u00e9 ani vyto\u010den\u00e9. Kosti maj\u00fa dostatok substancie, ale nie s\u00fa \u0165a\u017ek\u00e9. D\u013a\u017eka kon\u010dat\u00edn od lak\u0165ov po zem je o nie\u010do v\u00e4\u010d\u0161ia ako od lak\u0165ov po koniec lopatiek. Vl\u010die paz\u00fariky na predn\u00fdch kon\u010datin\u00e1ch sa m\u00f4\u017eu odstr\u00e1ni\u0165.<br><strong>Plecia a ramen\u00e1:<\/strong> lopatky dobre dozadu umiestnen\u00e9, ramen\u00e1 nie s\u00fa zvisl\u00e9, ale od ramenn\u00e9ho k\u013abu po lake\u0165 trochu dozadu zo\u0161ikmen\u00e9. Svaly a \u0161\u013eachy upev\u0148uj\u00face lopatky k hrudn\u00edku s\u00fa pevn\u00e9 a dobre vyvinut\u00e9.<br><strong>Lakte:<\/strong> tesne priliehaj\u00fa k telu, nie s\u00fa vto\u010den\u00e9 ani vyto\u010den\u00e9.<br><strong>K\u013aby nadprstia:<\/strong> mocn\u00e9, ale pru\u017en\u00e9.<br><strong>Nadprstia:<\/strong> zboku trochu dopredu zo\u0161ikmen\u00e9.<br>Zadok: pri poh\u013eade zozadu s\u00fa kon\u010datiny od seba primerane vzdialen\u00e9 a paraleln\u00e9. Ak sa vyskytuj\u00fa vl\u010die paz\u00fariky, maj\u00fa sa odstr\u00e1ni\u0165.<br><strong>Stehn\u00e1:<\/strong> svalnat\u00e9 a mocn\u00e9.<br><strong>Kolen\u00e1:<\/strong> dobre zauhlen\u00e9.<br><strong>P\u00e4ty:<\/strong> dobre vyzna\u010den\u00e9 a umiestnen\u00e9 n\u00edzko nad zemou.<br><strong>Labky:<\/strong> ov\u00e1lne, ale nie dlh\u00e9, stredne ve\u013ek\u00e9, kompaktn\u00e9, medzi prstami dobre osrsten\u00e9. Vank\u00fa\u0161iky s\u00fa odoln\u00e9 a tu\u010dn\u00e9. V prirodzenom postoji labky nesmeruj\u00fa dnu ani von.<br><br><strong>Pohyb:<\/strong> je v\u00fddatn\u00fd a bez zn\u00e1mok n\u00e1mahy. Husky je bystr\u00fd a \u013eahkonoh\u00fd. Vo v\u00fdstavnom kruhu m\u00e1 by\u0165 predveden\u00fd na vo\u013enej v\u00f4dzke, v primerane r\u00fdchlom kluse. M\u00e1 uk\u00e1za\u0165 v\u00fddatn\u00e9 vykra\u010dovanie a dobr\u00fd z\u00e1ber. Pomaly sa pohybuj\u00faci husky nem\u00e1 kl\u00e1s\u0165 labky k sebe, ale ako zvy\u0161uje r\u00fdchlos\u0165, labky sa k sebe pribli\u017euj\u00fa, a\u017e sa dostan\u00fa na jednu l\u00edniu, ktor\u00e1 je presne pod pozd\u013a\u017enou osou tela. Ak sa odtla\u010dky labiek prekr\u00fdvaj\u00fa, pohybuj\u00fa sa predn\u00e9 a zadn\u00e9 kon\u010datiny nasmerovan\u00e9 dopredu tak, aby neboli lakte alebo kolen\u00e1 vto\u010den\u00e9 alebo vyto\u010den\u00e9. Kon\u010datiny s\u00fa v pohybe rovnobe\u017en\u00e9 a horn\u00e1 l\u00ednia ost\u00e1va napnut\u00e1 a rovn\u00e1.<br><br><strong>OSRSTENIE<\/strong><\/p><p><strong>Srs\u0165:<\/strong> dvojit\u00e1 a stredne dlh\u00e1, m\u00e1 pekn\u00fd ko\u017eu\u0161inov\u00fd vzh\u013ead, ale nikdy nie je pridlh\u00e1, aby nezakr\u00fdvala jasn\u00e9 obrysov\u00e9 l\u00ednie. Podsada je m\u00e4kk\u00e1 a hust\u00e1 a dostato\u010dne dlh\u00e1, tvor\u00ed podporu pre kryciu srs\u0165. Dlh\u0161ia pevn\u00e1 krycia srs\u0165 je rovn\u00e1 a trochu pri\u013eahl\u00e1, nikdy nie je drsn\u00e1 ani nem\u00e1 rovno odst\u00e1va\u0165 od tela. Treba zobra\u0165 do \u00favahy, \u017ee po\u010das v\u00fdmeny srsti je norm\u00e1lne ch\u00fdbanie podsady. Skracovanie hmatov\u00fdch ch\u013apkov a srsti medzi prstami je povolen\u00e9, aby sa dosiahol pestovan\u00fd vzh\u013ead. Trimovanie osrstenia na inom mieste nie je povolen\u00e9 a m\u00e1 sa pr\u00edsne penalizova\u0165.<br><strong>Farba:<\/strong> v\u0161etky farby od \u010diernej po \u010disto bielu s\u00fa povolen\u00e9. Mnohorak\u00e1 kresba na hlave je obvykl\u00e1, zah\u0155\u0148a niektor\u00e9 n\u00e1padn\u00e9 vzory, ktor\u00e9 nie s\u00fa obvykl\u00e9 u in\u00fdch plemien.<br><br><strong>V\u00fd\u0161ka v koh\u00fatiku:<\/strong><br>psy 53,5\u201360 cm, su\u010dky 51\u201356 cm.<br><strong>Hmotnos\u0165:<\/strong> psy 20,5\u201327 kg, su\u010dky 16\u201323 kg.<br>Hmotnos\u0165 mus\u00ed by\u0165 v spr\u00e1vnom pomere k v\u00fd\u0161ke. Vymenovan\u00e9 \u00fadaje ozna\u010duj\u00fa krajn\u00e9 hranice, pri\u010dom neuprednost\u0148uj\u00fa extr\u00e9my. Pr\u00edli\u0161 siln\u00e9 kosti alebo nadv\u00e1ha sa maj\u00fa penalizova\u0165.<br><br><strong>Zhrnutie:<\/strong> najd\u00f4le\u017eitej\u0161ie znaky huskyho s\u00fa stredn\u00e1 ve\u013ekos\u0165, primeran\u00e1 sila kost\u00ed, harmonick\u00e9 proporcie, \u013eahk\u00fd a vo\u013en\u00fd pohyb, spr\u00e1vne osrstenie, pr\u00ed\u0165a\u017eliv\u00e1 hlava a u\u0161i, korektn\u00fd chvost a dobr\u00e1 povaha. Tresta\u0165 sa maj\u00fa \u0165a\u017ek\u00e9 kosti, nadmern\u00e1 hmotnos\u0165, zviazan\u00fd alebo \u0165a\u017ekop\u00e1dny pohyb, dlh\u00e1 alebo drsn\u00e1 srs\u0165. Sib\u00edrsky husky nem\u00e1 ma\u0165 nikdy hrub\u00fd alebo \u0165a\u017ekop\u00e1dny vzh\u013ead \u0165a\u017en\u00e9ho psa, ale nem\u00e1 by\u0165 ani tak\u00fd \u013eahk\u00fd ako chrt. Na psoch aj su\u010dk\u00e1ch m\u00e1 by\u0165 vidno, \u017ee s\u00fa schopn\u00e9 ve\u013ekej vytrvalosti. Okrem vymenovan\u00fdch ch\u00fdb s\u00fa morfologick\u00e9 chyby, vyskytuj\u00face sa aj u in\u00fdch plemien rovnako ne\u017eiaduce, aj ke\u010f tu nie s\u00fa vymenovan\u00e9.<br><br><strong>Chyby:<\/strong> ka\u017ed\u00e1 odch\u00fdlka od uveden\u00fdch bodov sa poklad\u00e1 za chybu, ktorej hodnotenie je v presnom pomere k stup\u0148u odch\u00fdlky.<br><br>Lebka: \u0165a\u017ek\u00e1 alebo hrub\u00e1, ako aj pr\u00edli\u0161 jemn\u00e1 hlava.<br>\u010celov\u00fd sklon: nie dos\u0165 vyzna\u010den\u00fd.<br>Papu\u013ea: pr\u00edli\u0161 \u0161picat\u00e1 alebo hrub\u00e1, pr\u00edli\u0161 kr\u00e1tka alebo dlh\u00e1.<br>\u010ce\u013euste\/zuby: ka\u017ed\u00e1 odch\u00fdlka od no\u017enicov\u00e9ho zhryzu.<br>Chvost: pritla\u010den\u00fd alebo sto\u010den\u00fd, pr\u00edli\u0161 hu\u0148at\u00fd, pr\u00edli\u0161 n\u00edzko alebo vysoko nasaden\u00fd.<br>O\u010di: pr\u00edli\u0161 \u0161ikmo alebo bl\u00edzko pri sebe nasaden\u00e9 o\u010di.<br>U\u0161i: v proporcii k hlave pr\u00edli\u0161 ve\u013ek\u00e9, pr\u00edli\u0161 \u010faleko od seba nasaden\u00e9, nie vzt\u00fd\u010den\u00e9.<br>Krk: kr\u00e1tky, hrub\u00fd alebo pr\u00edli\u0161 dlh\u00fd.<br>Chrb\u00e1t: slab\u00fd alebo povolen\u00fd, vyklenut\u00fd, klesaj\u00faca horn\u00e1 l\u00ednia.<br>Hrudn\u00edk: pr\u00edli\u0161 \u0161irok\u00fd, s\u00fadkovit\u00fd, ploch\u00e9 alebo slab\u00e9 rebr\u00e1.<br>Plecia: strm\u00e9, vo\u013en\u00e9.<br>Predn\u00e9 kon\u010datiny: slab\u00e9 nadprstia, pr\u00edli\u0161 \u0165a\u017ek\u00e9 kosti, pr\u00edli\u0161 \u00fazky alebo \u0161irok\u00fd postoj, vyto\u010den\u00e9 lakte.<br>Zadn\u00e9 kon\u010datiny: vystret\u00e9 kolen\u00e1, kravsk\u00fd, pr\u00edli\u0161 \u00fazky alebo \u0161irok\u00fd postoj.<br>Labky: povolen\u00e9 alebo roztiahnut\u00e9 prsty, pr\u00edli\u0161 ve\u013ek\u00e9 a hrub\u00e9 labky, pr\u00edli\u0161 jemn\u00e9 a mal\u00e9, pr\u00edli\u0161 \u00fazko alebo \u0161iroko umiestnen\u00e9 prsty.<br>Pohyb: kr\u00e1tky, tane\u010dn\u00fd, nepokojn\u00fd, \u0165a\u017ekop\u00e1dny alebo roluj\u00faci pohyb, kri\u017eovanie kon\u010dat\u00edn alebo \u0161ikm\u00fd pohyb.<br><br><strong>Osrstenie:<\/strong> dlh\u00e1, ostr\u00e1 alebo zje\u017een\u00e1 srs\u0165, drsn\u00e1 alebo hodv\u00e1bna \u0161trukt\u00fara, trimovan\u00e1 srs\u0165 na in\u00fdch miestach, ako je povolen\u00e9.<br><br><strong>Vylu\u010duj\u00face chyby:<\/strong> psy nad 60 cm, su\u010dky nad 56 cm.<br><br><strong>Pozn\u00e1mka:<\/strong> psy musia ma\u0165 obidva norm\u00e1lne vyvinut\u00e9 semenn\u00edky \u00faplne zost\u00fapen\u00e9 v mie\u0161ku<\/p>\t\t\t\t\t\t\t\t<\/div>\n\t\t\t\t<\/div>\n\t\t\t\t\t<\/div>\n\t\t\t\t<\/div>\n\t\t\t\t<\/div>\n\t\t","protected":false},"excerpt":{"rendered":"<p>FCI-Standard N\u00b0 270 01.12.2021 \/ EN Origin:USAPou\u017eitie: sa\u0148ov\u00fd pesKlasifik\u00e1cia: 5. skupina \u2013 \u0161pice a p\u00f4vodn\u00e9 plemen\u00e1; 1. sekcia \u2013 seversk\u00e9 sa\u0148ov\u00e9 psy, bez sk\u00fa\u0161ky.D\u00e1tum publikovania platn\u00e9ho \u0161tandardu: 2. 2. 1995 Celkov\u00fd vzh\u013ead: sib\u00edrsky husky je stredne ve\u013ek\u00fd pracovn\u00fd pes, r\u00fdchly a \u013eahkonoh\u00fd, vo\u013en\u00fd a elegantn\u00fd v pohybe. Primerane kompaktn\u00e9, hustou srs\u0165ou pokryt\u00e9 telo, vzt\u00fd\u010den\u00e9 u\u0161i [&hellip;]<\/p>\n","protected":false},"author":2,"featured_media":0,"parent":0,"menu_order":0,"comment_status":"closed","ping_status":"closed","template":"","meta":{"footnotes":""},"class_list":["post-7419","page","type-page","status-publish","hentry"],"_links":{"self":[{"href":"https:\/\/www.alaskan-malamute.sk\/en\/wp-json\/wp\/v2\/pages\/7419","targetHints":{"allow":["GET"]}}],"collection":[{"href":"https:\/\/www.alaskan-malamute.sk\/en\/wp-json\/wp\/v2\/pages"}],"about":[{"href":"https:\/\/www.alaskan-malamute.sk\/en\/wp-json\/wp\/v2\/types\/page"}],"author":[{"embeddable":true,"href":"https:\/\/www.alaskan-malamute.sk\/en\/wp-json\/wp\/v2\/users\/2"}],"replies":[{"embeddable":true,"href":"https:\/\/www.alaskan-malamute.sk\/en\/wp-json\/wp\/v2\/comments?post=7419"}],"version-history":[{"count":0,"href":"https:\/\/www.alaskan-malamute.sk\/en\/wp-json\/wp\/v2\/pages\/7419\/revisions"}],"wp:attachment":[{"href":"https:\/\/www.alaskan-malamute.sk\/en\/wp-json\/wp\/v2\/media?parent=7419"}],"curies":[{"name":"wp","href":"https:\/\/api.w.org\/{rel}","templated":true}]}}